{"id":4440,"date":"2022-05-30T00:26:09","date_gmt":"2022-05-30T00:26:09","guid":{"rendered":"https:\/\/lncarreira.com.br\/?page_id=4440"},"modified":"2022-08-22T19:52:53","modified_gmt":"2022-08-22T19:52:53","slug":"desenvolvimento-com-foco-em-carrreira","status":"publish","type":"page","link":"https:\/\/lncarreira.com.br\/index.php\/para-sua-empresa-2\/desenvolvimento-com-foco-em-carrreira\/","title":{"rendered":"Desenvolvimento Humano e Organizacional"},"content":{"rendered":"\t\t<div data-elementor-type=\"wp-page\" data-elementor-id=\"4440\" class=\"elementor elementor-4440\" data-elementor-post-type=\"page\">\n\t\t\t\t\t\t<section class=\"elementor-section elementor-top-section elementor-element elementor-element-f447fcf elementor-section-boxed elementor-section-height-default elementor-section-height-default\" data-id=\"f447fcf\" data-element_type=\"section\">\n\t\t\t\t\t\t<div class=\"elementor-container elementor-column-gap-default\">\n\t\t\t\t\t<div class=\"elementor-column elementor-col-50 elementor-top-column elementor-element elementor-element-5c519c3e\" data-id=\"5c519c3e\" data-element_type=\"column\">\n\t\t\t<div class=\"elementor-widget-wrap elementor-element-populated\">\n\t\t\t\t\t\t<div class=\"elementor-element elementor-element-34c348c elementor-widget elementor-widget-image\" data-id=\"34c348c\" data-element_type=\"widget\" data-widget_type=\"image.default\">\n\t\t\t\t<div class=\"elementor-widget-container\">\n\t\t\t\t\t\t\t\t\t\t\t\t\t\t\t<img fetchpriority=\"high\" decoding=\"async\" width=\"669\" height=\"502\" src=\"https:\/\/lncarreira.com.br\/wp-content\/uploads\/2022\/07\/austin-distel-wD1LRb9OeEo-unsplash-1024x768.jpg\" class=\"attachment-large size-large wp-image-4760\" alt=\"\" srcset=\"https:\/\/lncarreira.com.br\/wp-content\/uploads\/2022\/07\/austin-distel-wD1LRb9OeEo-unsplash-1024x768.jpg 1024w, https:\/\/lncarreira.com.br\/wp-content\/uploads\/2022\/07\/austin-distel-wD1LRb9OeEo-unsplash-300x225.jpg 300w, https:\/\/lncarreira.com.br\/wp-content\/uploads\/2022\/07\/austin-distel-wD1LRb9OeEo-unsplash-768x576.jpg 768w, https:\/\/lncarreira.com.br\/wp-content\/uploads\/2022\/07\/austin-distel-wD1LRb9OeEo-unsplash-1536x1152.jpg 1536w, https:\/\/lncarreira.com.br\/wp-content\/uploads\/2022\/07\/austin-distel-wD1LRb9OeEo-unsplash-2048x1536.jpg 2048w, https:\/\/lncarreira.com.br\/wp-content\/uploads\/2022\/07\/austin-distel-wD1LRb9OeEo-unsplash-500x375.jpg 500w, https:\/\/lncarreira.com.br\/wp-content\/uploads\/2022\/07\/austin-distel-wD1LRb9OeEo-unsplash-800x600.jpg 800w, https:\/\/lncarreira.com.br\/wp-content\/uploads\/2022\/07\/austin-distel-wD1LRb9OeEo-unsplash-1280x960.jpg 1280w, https:\/\/lncarreira.com.br\/wp-content\/uploads\/2022\/07\/austin-distel-wD1LRb9OeEo-unsplash-1920x1440.jpg 1920w\" sizes=\"(max-width: 669px) 100vw, 669px\" \/>\t\t\t\t\t\t\t\t\t\t\t\t\t\t\t<\/div>\n\t\t\t\t<\/div>\n\t\t\t\t\t<\/div>\n\t\t<\/div>\n\t\t\t\t<div class=\"elementor-column elementor-col-50 elementor-top-column elementor-element elementor-element-cedad98\" data-id=\"cedad98\" data-element_type=\"column\">\n\t\t\t<div class=\"elementor-widget-wrap elementor-element-populated\">\n\t\t\t\t\t\t<div class=\"elementor-element elementor-element-52f10e3b elementor-position-left elementor-vertical-align-middle elementor-view-default elementor-mobile-position-top elementor-widget elementor-widget-icon-box\" data-id=\"52f10e3b\" data-element_type=\"widget\" data-widget_type=\"icon-box.default\">\n\t\t\t\t<div class=\"elementor-widget-container\">\n\t\t\t\t\t\t\t<div class=\"elementor-icon-box-wrapper\">\n\n\t\t\t\t\t\t<div class=\"elementor-icon-box-icon\">\n\t\t\t\t<span  class=\"elementor-icon\">\n\t\t\t\t<i aria-hidden=\"true\" class=\"far fa-dot-circle\"><\/i>\t\t\t\t<\/span>\n\t\t\t<\/div>\n\t\t\t\n\t\t\t\t\t\t<div class=\"elementor-icon-box-content\">\n\n\t\t\t\t\n\t\t\t\t\t\t\t\t\t<p class=\"elementor-icon-box-description\">\n\t\t\t\t\t\tSolu\u00e7\u00f5es para sua Empresa:\t\t\t\t\t<\/p>\n\t\t\t\t\n\t\t\t<\/div>\n\t\t\t\n\t\t<\/div>\n\t\t\t\t\t\t<\/div>\n\t\t\t\t<\/div>\n\t\t\t\t<div class=\"elementor-element elementor-element-1a80c93f elementor-widget elementor-widget-heading\" data-id=\"1a80c93f\" data-element_type=\"widget\" data-widget_type=\"heading.default\">\n\t\t\t\t<div class=\"elementor-widget-container\">\n\t\t\t\t\t<h1 class=\"elementor-heading-title elementor-size-default\">Apoiar as organiza\u00e7\u00f5es em seus movimentos de transforma\u00e7\u00e3o, e seus profissionais na gest\u00e3o de suas carreiras<\/h1>\t\t\t\t<\/div>\n\t\t\t\t<\/div>\n\t\t\t\t\t<\/div>\n\t\t<\/div>\n\t\t\t\t\t<\/div>\n\t\t<\/section>\n\t\t\t\t<section class=\"elementor-section elementor-top-section elementor-element elementor-element-eef3451 elementor-section-boxed elementor-section-height-default elementor-section-height-default\" data-id=\"eef3451\" data-element_type=\"section\">\n\t\t\t\t\t\t<div class=\"elementor-container elementor-column-gap-default\">\n\t\t\t\t\t<div class=\"elementor-column elementor-col-100 elementor-top-column elementor-element elementor-element-a6dbe48\" data-id=\"a6dbe48\" data-element_type=\"column\">\n\t\t\t<div class=\"elementor-widget-wrap elementor-element-populated\">\n\t\t\t\t\t\t<div class=\"elementor-element elementor-element-5df0a20 elementor-widget elementor-widget-heading\" data-id=\"5df0a20\" data-element_type=\"widget\" data-widget_type=\"heading.default\">\n\t\t\t\t<div class=\"elementor-widget-container\">\n\t\t\t\t\t<h2 class=\"elementor-heading-title elementor-size-default\"><h1 data-elementor-setting-key=\"title\" data-pen-placeholder=\"Digite aqui...\" style=\"font-size: 50px;font-family: var( --e-global-typography-primary-font-family ), Sans-serif\">Desenvolvimento Humano e Organizacional<\/h1><\/h2>\t\t\t\t<\/div>\n\t\t\t\t<\/div>\n\t\t\t\t<div class=\"elementor-element elementor-element-9923c58 elementor-widget elementor-widget-heading\" data-id=\"9923c58\" data-element_type=\"widget\" data-widget_type=\"heading.default\">\n\t\t\t\t<div class=\"elementor-widget-container\">\n\t\t\t\t\t<h2 class=\"elementor-heading-title elementor-size-default\">Ampliamos a \u00e1rea de desenvolvimento para continuar a apoiar as organiza\u00e7\u00f5es em seus movimentos de transforma\u00e7\u00e3o e seus profissionais na gest\u00e3o de suas carreiras. Atrav\u00e9s de <b>Assessoria,\nPalestras, F\u00f3runs e Workshops.\n<\/b><\/h2>\t\t\t\t<\/div>\n\t\t\t\t<\/div>\n\t\t\t\t<div class=\"elementor-element elementor-element-f149a91 elementor-widget elementor-widget-text-editor\" data-id=\"f149a91\" data-element_type=\"widget\" data-widget_type=\"text-editor.default\">\n\t\t\t\t<div class=\"elementor-widget-container\">\n\t\t\t\t\t\t\t\t\t<p><strong>Trainees:<\/strong> \u00e9 um programa voltado \u00e0 sucess\u00e3o no longo prazo. Formar estes jovens para dar resultados efetivos durante o programa mesclando-se \u00e0 cultura da organiza\u00e7\u00e3o \u00e9 imperativo. Tamb\u00e9m trazer seu potencial \u00e0 tona e promover que sua capacidade de constru\u00e7\u00e3o de relacionamentos entre em pr\u00e1tica mais rapidamente.<\/p><p>\u00a0<\/p><p><strong>Estagi\u00e1rios:<\/strong> podem resultar em excelentes candidatos a uma futura posi\u00e7\u00e3o de trainee dentro da organiza\u00e7\u00e3o e com menos risco. Neste sentido formar os gestores para alavancar seu desenvolvimento se faz necess\u00e1rio assim como extrair o melhor destes jovens tamb\u00e9m para outras posi\u00e7\u00f5es de entry level na organiza\u00e7\u00e3o.<\/p><p>\u00a0<\/p><p><strong>Programa de Mentoring Organizacional:<\/strong> desenho, implementa\u00e7\u00e3o e desenvolvimento dos jovens e suas lideran\u00e7as visando potencializar os resultados de cada uma destas iniciativas;<\/p><p>\u00a0<\/p><p><strong>Mentoria aos profissionais da \u00e1rea de Capital Humano:<\/strong> a\u00e7\u00e3o Individual para formar profissionais de nossa \u00e1rea ainda mais estrat\u00e9gicos refor\u00e7ando a imagem positiva da \u00e1rea e seu papel dentro da organiza\u00e7\u00e3o;<\/p><p>\u00a0<\/p><p><strong>Novas Lideran\u00e7as:<\/strong> programa de desenvolvimento pr\u00e1tico e objetivo que visa contribuir com este novo papel e suas responsabilidades. Traz ferramentas simples para a gest\u00e3o de equipes e tamb\u00e9m voltadas ao engajamento do time potencializando os resultados de sua gest\u00e3o. Amplia fortemente tamb\u00e9m o autoconhecimento.\u00a0<\/p><p><strong>\u00a0<\/strong><\/p><p><strong>Mulheres e Lideran\u00e7a:<\/strong> programa que apoia o pilar diversidade e fortalece este grupo a propor mais, se colocar mais e entender os vieses inconscientes existentes e reagir positivamente a eles, fortalecendo sua autoestima e agregando cada vez mais valor \u00e0s organiza\u00e7\u00f5es.<\/p><p><strong>\u00a0<\/strong><\/p><p><strong>Forma\u00e7\u00e3o em Gest\u00e3o de Carreira e Sucess\u00e3o:<\/strong> voltado aos profissionais que atuam com DHO, Sele\u00e7\u00e3o, Programas de Est\u00e1gio, Trainee e Sucess\u00e3o. Tem por objetivo contribuir com o desenvolvimento deste grupo de profissionais para que possam atuar fortemente em quest\u00f5es conectadas \u00e0 sucess\u00e3o e desta forma, aportarem positivamente \u00e0 longevidade do neg\u00f3cio. Pode ser contratado de forma individual.<\/p>\t\t\t\t\t\t\t\t<\/div>\n\t\t\t\t<\/div>\n\t\t\t\t<div class=\"elementor-element elementor-element-c81f3f8 elementor-widget elementor-widget-heading\" data-id=\"c81f3f8\" data-element_type=\"widget\" data-widget_type=\"heading.default\">\n\t\t\t\t<div class=\"elementor-widget-container\">\n\t\t\t\t\t<h2 class=\"elementor-heading-title elementor-size-default\">Palestras<\/h2>\t\t\t\t<\/div>\n\t\t\t\t<\/div>\n\t\t\t\t<div class=\"elementor-element elementor-element-bb31692 elementor-widget elementor-widget-text-editor\" data-id=\"bb31692\" data-element_type=\"widget\" data-widget_type=\"text-editor.default\">\n\t\t\t\t<div class=\"elementor-widget-container\">\n\t\t\t\t\t\t\t\t\t<p><strong>Diversidade:<\/strong> visa apoiar as mulheres na gest\u00e3o de suas carreiras e no seu posicionamento no mercado de trabalho.<\/p><p>\u00a0<\/p><p><strong>Gest\u00e3o de Carreira<\/strong>: contribui com o fomento do protagonismo e ajuda tamb\u00e9m os profissionais a compreenderem a nova din\u00e2mica do s\u00e9culo XXI e como gerir a sua carreira sem esperar por um plano estruturado e definitivo por parte das organiza\u00e7\u00f5es.<\/p>\t\t\t\t\t\t\t\t<\/div>\n\t\t\t\t<\/div>\n\t\t\t\t\t<\/div>\n\t\t<\/div>\n\t\t\t\t\t<\/div>\n\t\t<\/section>\n\t\t\t\t<\/div>\n\t\t","protected":false},"excerpt":{"rendered":"<p>Solu\u00e7\u00f5es para sua Empresa: Apoiar as organiza\u00e7\u00f5es em seus movimentos de transforma\u00e7\u00e3o, e seus profissionais na gest\u00e3o de suas carreiras Desenvolvimento Humano e Organizacional Ampliamos a \u00e1rea de desenvolvimento para continuar a apoiar as organiza\u00e7\u00f5es em seus movimentos de transforma\u00e7\u00e3o e seus profissionais na gest\u00e3o de suas carreiras. Atrav\u00e9s de Assessoria, Palestras, F\u00f3runs e Workshops. [&hellip;]<\/p>\n","protected":false},"author":1,"featured_media":0,"parent":4413,"menu_order":0,"comment_status":"closed","ping_status":"closed","template":"elementor_header_footer","meta":{"_vp_format_video_url":"","_vp_image_focal_point":[],"footnotes":""},"class_list":["post-4440","page","type-page","status-publish","hentry"],"_links":{"self":[{"href":"https:\/\/lncarreira.com.br\/index.php\/wp-json\/wp\/v2\/pages\/4440","targetHints":{"allow":["GET"]}}],"collection":[{"href":"https:\/\/lncarreira.com.br\/index.php\/wp-json\/wp\/v2\/pages"}],"about":[{"href":"https:\/\/lncarreira.com.br\/index.php\/wp-json\/wp\/v2\/types\/page"}],"author":[{"embeddable":true,"href":"https:\/\/lncarreira.com.br\/index.php\/wp-json\/wp\/v2\/users\/1"}],"replies":[{"embeddable":true,"href":"https:\/\/lncarreira.com.br\/index.php\/wp-json\/wp\/v2\/comments?post=4440"}],"version-history":[{"count":33,"href":"https:\/\/lncarreira.com.br\/index.php\/wp-json\/wp\/v2\/pages\/4440\/revisions"}],"predecessor-version":[{"id":5866,"href":"https:\/\/lncarreira.com.br\/index.php\/wp-json\/wp\/v2\/pages\/4440\/revisions\/5866"}],"up":[{"embeddable":true,"href":"https:\/\/lncarreira.com.br\/index.php\/wp-json\/wp\/v2\/pages\/4413"}],"wp:attachment":[{"href":"https:\/\/lncarreira.com.br\/index.php\/wp-json\/wp\/v2\/media?parent=4440"}],"curies":[{"name":"wp","href":"https:\/\/api.w.org\/{rel}","templated":true}]}}