{"id":4468,"date":"2022-05-30T00:32:19","date_gmt":"2022-05-30T00:32:19","guid":{"rendered":"https:\/\/lncarreira.com.br\/?page_id=4468"},"modified":"2022-07-21T19:06:06","modified_gmt":"2022-07-21T19:06:06","slug":"book-de-assessorados","status":"publish","type":"page","link":"https:\/\/lncarreira.com.br\/index.php\/para-voce\/book-de-assessorados\/","title":{"rendered":"Book de Assessorados"},"content":{"rendered":"\t\t<div data-elementor-type=\"wp-page\" data-elementor-id=\"4468\" class=\"elementor elementor-4468\" data-elementor-post-type=\"page\">\n\t\t\t\t\t\t<section class=\"elementor-section elementor-top-section elementor-element elementor-element-f447fcf elementor-section-boxed elementor-section-height-default elementor-section-height-default\" data-id=\"f447fcf\" data-element_type=\"section\">\n\t\t\t\t\t\t<div class=\"elementor-container elementor-column-gap-default\">\n\t\t\t\t\t<div class=\"elementor-column elementor-col-50 elementor-top-column elementor-element elementor-element-5c519c3e\" data-id=\"5c519c3e\" data-element_type=\"column\">\n\t\t\t<div class=\"elementor-widget-wrap elementor-element-populated\">\n\t\t\t\t\t\t<div class=\"elementor-element elementor-element-34c348c elementor-widget elementor-widget-image\" data-id=\"34c348c\" data-element_type=\"widget\" data-widget_type=\"image.default\">\n\t\t\t\t<div class=\"elementor-widget-container\">\n\t\t\t\t\t\t\t\t\t\t\t\t\t\t\t<img fetchpriority=\"high\" decoding=\"async\" width=\"669\" height=\"446\" src=\"https:\/\/lncarreira.com.br\/wp-content\/uploads\/2022\/07\/amy-hirschi-uwpo02K55zw-unsplash-1024x683.jpg\" class=\"attachment-large size-large wp-image-4806\" alt=\"\" srcset=\"https:\/\/lncarreira.com.br\/wp-content\/uploads\/2022\/07\/amy-hirschi-uwpo02K55zw-unsplash-1024x683.jpg 1024w, https:\/\/lncarreira.com.br\/wp-content\/uploads\/2022\/07\/amy-hirschi-uwpo02K55zw-unsplash-300x200.jpg 300w, https:\/\/lncarreira.com.br\/wp-content\/uploads\/2022\/07\/amy-hirschi-uwpo02K55zw-unsplash-768x512.jpg 768w, https:\/\/lncarreira.com.br\/wp-content\/uploads\/2022\/07\/amy-hirschi-uwpo02K55zw-unsplash-1536x1024.jpg 1536w, https:\/\/lncarreira.com.br\/wp-content\/uploads\/2022\/07\/amy-hirschi-uwpo02K55zw-unsplash-2048x1365.jpg 2048w, https:\/\/lncarreira.com.br\/wp-content\/uploads\/2022\/07\/amy-hirschi-uwpo02K55zw-unsplash-500x333.jpg 500w, https:\/\/lncarreira.com.br\/wp-content\/uploads\/2022\/07\/amy-hirschi-uwpo02K55zw-unsplash-800x533.jpg 800w, https:\/\/lncarreira.com.br\/wp-content\/uploads\/2022\/07\/amy-hirschi-uwpo02K55zw-unsplash-1280x853.jpg 1280w, https:\/\/lncarreira.com.br\/wp-content\/uploads\/2022\/07\/amy-hirschi-uwpo02K55zw-unsplash-1920x1280.jpg 1920w\" sizes=\"(max-width: 669px) 100vw, 669px\" \/>\t\t\t\t\t\t\t\t\t\t\t\t\t\t\t<\/div>\n\t\t\t\t<\/div>\n\t\t\t\t\t<\/div>\n\t\t<\/div>\n\t\t\t\t<div class=\"elementor-column elementor-col-50 elementor-top-column elementor-element elementor-element-cedad98\" data-id=\"cedad98\" data-element_type=\"column\">\n\t\t\t<div class=\"elementor-widget-wrap elementor-element-populated\">\n\t\t\t\t\t\t<div class=\"elementor-element elementor-element-52f10e3b elementor-position-left elementor-vertical-align-middle elementor-view-default elementor-mobile-position-top elementor-widget elementor-widget-icon-box\" data-id=\"52f10e3b\" data-element_type=\"widget\" data-widget_type=\"icon-box.default\">\n\t\t\t\t<div class=\"elementor-widget-container\">\n\t\t\t\t\t\t\t<div class=\"elementor-icon-box-wrapper\">\n\n\t\t\t\t\t\t<div class=\"elementor-icon-box-icon\">\n\t\t\t\t<span  class=\"elementor-icon\">\n\t\t\t\t<i aria-hidden=\"true\" class=\"far fa-dot-circle\"><\/i>\t\t\t\t<\/span>\n\t\t\t<\/div>\n\t\t\t\n\t\t\t\t\t\t<div class=\"elementor-icon-box-content\">\n\n\t\t\t\t\n\t\t\t\t\t\t\t\t\t<p class=\"elementor-icon-box-description\">\n\t\t\t\t\t\tSolu\u00e7\u00f5es para Voc\u00ea:\t\t\t\t\t<\/p>\n\t\t\t\t\n\t\t\t<\/div>\n\t\t\t\n\t\t<\/div>\n\t\t\t\t\t\t<\/div>\n\t\t\t\t<\/div>\n\t\t\t\t<div class=\"elementor-element elementor-element-1a80c93f elementor-widget elementor-widget-heading\" data-id=\"1a80c93f\" data-element_type=\"widget\" data-widget_type=\"heading.default\">\n\t\t\t\t<div class=\"elementor-widget-container\">\n\t\t\t\t\t<h1 class=\"elementor-heading-title elementor-size-default\">Apoio e orienta\u00e7\u00e3o para facilitar o processo de recoloca\u00e7\u00e3o profissional no mercado de trabalho.<\/h1>\t\t\t\t<\/div>\n\t\t\t\t<\/div>\n\t\t\t\t\t<\/div>\n\t\t<\/div>\n\t\t\t\t\t<\/div>\n\t\t<\/section>\n\t\t\t\t<section class=\"elementor-section elementor-top-section elementor-element elementor-element-eef3451 elementor-section-boxed elementor-section-height-default elementor-section-height-default\" data-id=\"eef3451\" data-element_type=\"section\">\n\t\t\t\t\t\t<div class=\"elementor-container elementor-column-gap-default\">\n\t\t\t\t\t<div class=\"elementor-column elementor-col-100 elementor-top-column elementor-element elementor-element-a6dbe48\" data-id=\"a6dbe48\" data-element_type=\"column\">\n\t\t\t<div class=\"elementor-widget-wrap elementor-element-populated\">\n\t\t\t\t\t\t<div class=\"elementor-element elementor-element-5df0a20 elementor-widget elementor-widget-heading\" data-id=\"5df0a20\" data-element_type=\"widget\" data-widget_type=\"heading.default\">\n\t\t\t\t<div class=\"elementor-widget-container\">\n\t\t\t\t\t<h2 class=\"elementor-heading-title elementor-size-default\"><h1 data-elementor-setting-key=\"title\" data-pen-placeholder=\"Digite aqui...\" style=\"font-size: 50px;font-family: var( --e-global-typography-primary-font-family ), Sans-serif\">Book de Assessorados<\/h1><\/h2>\t\t\t\t<\/div>\n\t\t\t\t<\/div>\n\t\t\t\t<div class=\"elementor-element elementor-element-9923c58 elementor-widget elementor-widget-heading\" data-id=\"9923c58\" data-element_type=\"widget\" data-widget_type=\"heading.default\">\n\t\t\t\t<div class=\"elementor-widget-container\">\n\t\t\t\t\t<h2 class=\"elementor-heading-title elementor-size-default\">Para profissionais que buscam suporte no processo de recoloca\u00e7\u00e3o de maneira mais assertiva. Clique em \"Quero fazer parte do Book de Assessorados\" e fique por dentro do servi\u00e7o que ir\u00e1 lhe auxiliar nessa prepara\u00e7\u00e3o para o mercado e divulga\u00e7\u00e3o do seu material. O Book \u00e9 uma material exclusivo com resumo profissional e \u00e9 divulgado quinzenalmente para mais de 4mil contatos.<\/h2>\t\t\t\t<\/div>\n\t\t\t\t<\/div>\n\t\t\t\t<div class=\"elementor-element elementor-element-24c4b86 elementor-widget elementor-widget-button\" data-id=\"24c4b86\" data-element_type=\"widget\" data-widget_type=\"button.default\">\n\t\t\t\t<div class=\"elementor-widget-container\">\n\t\t\t\t\t\t\t\t\t<div class=\"elementor-button-wrapper\">\n\t\t\t\t\t<a class=\"elementor-button elementor-button-link elementor-size-lg\" href=\"mailto:relacionamento@lncarreira.com.br\">\n\t\t\t\t\t\t<span class=\"elementor-button-content-wrapper\">\n\t\t\t\t\t\t\t\t\t<span class=\"elementor-button-text\">Quero fazer parte do Book de Assessorados<\/span>\n\t\t\t\t\t<\/span>\n\t\t\t\t\t<\/a>\n\t\t\t\t<\/div>\n\t\t\t\t\t\t\t\t<\/div>\n\t\t\t\t<\/div>\n\t\t\t\t<div class=\"elementor-element elementor-element-1fec8da elementor-widget elementor-widget-heading\" data-id=\"1fec8da\" data-element_type=\"widget\" data-widget_type=\"heading.default\">\n\t\t\t\t<div class=\"elementor-widget-container\">\n\t\t\t\t\t<h2 class=\"elementor-heading-title elementor-size-default\">Depoimentos<\/h2>\t\t\t\t<\/div>\n\t\t\t\t<\/div>\n\t\t\t\t<div class=\"elementor-element elementor-element-e20650b elementor-widget elementor-widget-text-editor\" data-id=\"e20650b\" data-element_type=\"widget\" data-widget_type=\"text-editor.default\">\n\t\t\t\t<div class=\"elementor-widget-container\">\n\t\t\t\t\t\t\t\t\t<p>&#8220;Superou em muito minhas expectativas, sinceramente ao final das atividades pude perceber e reconhecer de maneira clara quais mudan\u00e7as deveriam ser talhadas \u00fanica e exclusivamente por mim. A rela\u00e7\u00e3o com a LN Carreira me trouxe a luz em v\u00e1rios aspectos comportamentais, tratando as lacunas e ou deslizes que cometemos em entrevistas, no trato de nosso Networking e Marketing pessoal de maneira singular e com embasamento real. Experi\u00eancia ENRIQUECEDORA.&#8221; <b>L.E.S. &#8211; Gerente Financeiro.<\/b><\/p><p>\u00a0<\/p><p><span class=\"JsGRdQ\">&#8220;Foi muito bom ter a sua assessoria profissional pois pude perceber algumas mudan\u00e7as necess\u00e1rias no meu posicionamento profissional, haja vista que estou no mercado em busca de um novo desafio profissional. Como o mercado de trabalho j\u00e1 se mostra com um vi\u00e9s de sens\u00edvel melhora, podemos perceber que as oportunidades est\u00e3o surgindo e assim poderemos nos apresentar mais confiante e seguro ap\u00f3s a consultoria recebida.&#8221;<\/span> <span class=\"JsGRdQ\"><b>S.A. &#8211; Executivo Financeiro.<\/b><\/span><\/p><p>\u00a0<\/p><p><span class=\"JsGRdQ\">&#8220;<\/span><span class=\"JsGRdQ\">Conheci a LN Consultoria por indica\u00e7\u00e3o, de fato \u00e9 uma empresa s\u00e9ria, comprometida, seus consultores muito experientes e profissionais. Aprendi muito com eles, me sinto mais profissional e segura para entrevistas. Nota 10 para a equipe!<\/span><span class=\"JsGRdQ\">&#8221; &#8211; <\/span><span class=\"JsGRdQ\"><b>P.E. &#8211; Administradora.<\/b><\/span><\/p><p><span class=\"JsGRdQ\"><b>\u00a0<\/b><\/span><\/p><p><span class=\"JsGRdQ\"><b>\u00a0<\/b><\/span><\/p>\t\t\t\t\t\t\t\t<\/div>\n\t\t\t\t<\/div>\n\t\t\t\t\t<\/div>\n\t\t<\/div>\n\t\t\t\t\t<\/div>\n\t\t<\/section>\n\t\t\t\t<\/div>\n\t\t","protected":false},"excerpt":{"rendered":"<p>Solu\u00e7\u00f5es para Voc\u00ea: Apoio e orienta\u00e7\u00e3o para facilitar o processo de recoloca\u00e7\u00e3o profissional no mercado de trabalho. Book de Assessorados Para profissionais que buscam suporte no processo de recoloca\u00e7\u00e3o de maneira mais assertiva. Clique em &#8220;Quero fazer parte do Book de Assessorados&#8221; e fique por dentro do servi\u00e7o que ir\u00e1 lhe auxiliar nessa prepara\u00e7\u00e3o para [&hellip;]<\/p>\n","protected":false},"author":1,"featured_media":0,"parent":4457,"menu_order":0,"comment_status":"closed","ping_status":"closed","template":"elementor_header_footer","meta":{"_vp_format_video_url":"","_vp_image_focal_point":[],"footnotes":""},"class_list":["post-4468","page","type-page","status-publish","hentry"],"_links":{"self":[{"href":"https:\/\/lncarreira.com.br\/index.php\/wp-json\/wp\/v2\/pages\/4468","targetHints":{"allow":["GET"]}}],"collection":[{"href":"https:\/\/lncarreira.com.br\/index.php\/wp-json\/wp\/v2\/pages"}],"about":[{"href":"https:\/\/lncarreira.com.br\/index.php\/wp-json\/wp\/v2\/types\/page"}],"author":[{"embeddable":true,"href":"https:\/\/lncarreira.com.br\/index.php\/wp-json\/wp\/v2\/users\/1"}],"replies":[{"embeddable":true,"href":"https:\/\/lncarreira.com.br\/index.php\/wp-json\/wp\/v2\/comments?post=4468"}],"version-history":[{"count":36,"href":"https:\/\/lncarreira.com.br\/index.php\/wp-json\/wp\/v2\/pages\/4468\/revisions"}],"predecessor-version":[{"id":5500,"href":"https:\/\/lncarreira.com.br\/index.php\/wp-json\/wp\/v2\/pages\/4468\/revisions\/5500"}],"up":[{"embeddable":true,"href":"https:\/\/lncarreira.com.br\/index.php\/wp-json\/wp\/v2\/pages\/4457"}],"wp:attachment":[{"href":"https:\/\/lncarreira.com.br\/index.php\/wp-json\/wp\/v2\/media?parent=4468"}],"curies":[{"name":"wp","href":"https:\/\/api.w.org\/{rel}","templated":true}]}}